{"id":40,"date":"2014-03-23T16:42:55","date_gmt":"2014-03-23T16:42:55","guid":{"rendered":"http:\/\/zangerespearl.nl\/?page_id=40"},"modified":"2018-06-11T20:36:05","modified_gmt":"2018-06-11T19:36:05","slug":"repertoire","status":"publish","type":"page","link":"https:\/\/saengerinpearl.de\/?page_id=40","title":{"rendered":"Repertoire"},"content":{"rendered":"<h4>Neues Konzept: Back to the 60\u2019s mit\u00a0S\u00e4ngerin Pearl<\/h4>\n<p>Durch den anhaltenden Erfolg als Janis Joplin Interpretation und die zunehmende Popularit\u00e4t der 60er Jahre bietet S\u00e4ngerin\u00a0Pearl jetzt auch ein abendf\u00fcllendes 60er Jahre Programm an. Mit ihrer charakteristischen rauen Stimme versetzt sie dich zur\u00fcck in die 60er Jahre. Zu h\u00f6ren und f\u00fchlen sind Coverversionen von den Beatles, The Rolling Stones, The Monkees, Jefferson Airplane, Bob Dylan und noch vielen weiteren. <a href=\"https:\/\/www.zangerespearl.nl\/lijst-met-60s-70s-nummers-voor-back-to-the-60s-concept\/\">Hier<\/a> finden Sie das Repertoire aus den 60er und 70er Jahren von Zangeres Pearl.<\/p>\n<h4>Dance-Pop-Rock\/ Easylistening\/ Jazz &amp; Blues der 50er &amp; 60er Jahre \/ Country\/ Weihnachten<\/h4>\n<p>S\u00e4ngerin Pearl hat ein enormes Repertoire an Popsongs. Sie singt sowohl die aktuellen, wie auch die klassischen Hits. Von Easylistening bis hin zu uptempo &#8211; f\u00fcr jeden ist etwas dabei. Regelm\u00e4\u00dfig erg\u00e4nzt sie ihr Repertoire mit den neuesten Hits. W\u00e4hrend der Feiertage k\u00f6nnen Sie auch viele Weihnachtsklassiker erwarten. Sehen Sie\u00a0<a title=\"Lijst met Dance\/Pop\/Rock nummers\" href=\"https:\/\/www.zangerespearl.nl\/lijst-met-dancepoprock-nummers\/\" target=\"_blank\" rel=\"noopener\">hier<\/a>\u00a0eine Liste mit einigen Songs aus ihrem Repertoire.<\/p>\n<h4>F\u00fcr die etwas \u00e4ltere Generation<\/h4>\n<p>Speziell f\u00fcr diese Generation hat S\u00e4ngerin Pearl ein gro\u00dfes Repertoire an klassischen Hits, inclusive echten holl\u00e4ndischen Ohrw\u00fcrmern. Nat\u00fcrlich auch englischsprachigen Liedern und einer Serie von Tanz-Hits. Ein garantiert toller Tanz- und \/ oder Lauschabend. Sehen Sie\u00a0<a title=\"Lijst met Oud-Hollandse nummers\" href=\"https:\/\/www.zangerespearl.nl\/lijst-met-oud-hollandse-nummers\/\" target=\"_blank\" rel=\"noopener\">hier<\/a>\u00a0eine Liste mit einigen Liedern.<\/p>\n<h4>Holl\u00e4ndische Lieder<\/h4>\n<p>S\u00e4ngerin Pearl besitzt auch ein Repertoire an aktuellen holl\u00e4ndischen Hits. Sehen Sie\u00a0<a href=\"https:\/\/www.zangerespearl.nl\/lijst-met-nederlandstalige-nummers\/\" target=\"_blank\" rel=\"noopener\">hier\u00a0<\/a>das Repertoire der holl\u00e4ndischen Lieder.<\/p>\n<h4>Deutschsprachige Lieder<\/h4>\n<p>S\u00e4ngerin Pearl hat durch regelm\u00e4\u00dfige Auftritte in Deutschland, ein gro\u00dfes Repertoire an deutschsprachigen Liedern. Zudem hat sie auch Auftritte auf Campingpl\u00e4tzen und Ferienparks wo viele deutsche G\u00e4ste zu Gast sind. Sehen Sie <a title=\"Lijst met Duitstalige nummers\" href=\"https:\/\/www.zangerespearl.nl\/lijst-met-duitstalige-nummers\/\">hier<\/a> das Repertoire an deutschsprachigen Liedern.<\/p>\n<h4>Janis Joplin<\/h4>\n<p>Neben den obengenannten Genres schl\u00fcpft S\u00e4ngerin Pearl regelm\u00e4\u00dfig in die Haut ihres Idols Janis Joplin. Janis\u2018 Hits werden von S\u00e4ngerin Pearl einzigartig interpretiert, eine perfekte Illusion erwartet Sie. Sehen Sie\u00a0<a title=\"Lijst met nummers van Janis Joplin\" href=\"https:\/\/www.zangerespearl.nl\/lijst-met-nummers-van-janis-joplin\/\" target=\"_blank\" rel=\"noopener\">hier<\/a>\u00a0eine Liste von allen Janis Joplin Hits. F\u00fcr mehr Information rundum S\u00e4ngerin Pearl als Janis Joplin Interpretation besuchen Sie bitte die Website:\u00a0<a href=\"http:\/\/www.janisjoplin.nl\">www.JanisJoplin.nl<\/a><\/p>\n<p>&nbsp;<\/p>\n","protected":false},"excerpt":{"rendered":"<p>Neues Konzept: Back to the 60\u2019s mit\u00a0S\u00e4ngerin Pearl Durch den anhaltenden Erfolg als Janis Joplin Interpretation und die zunehmende Popularit\u00e4t der 60er [&hellip;]<\/p>\n","protected":false},"author":1,"featured_media":0,"parent":0,"menu_order":0,"comment_status":"closed","ping_status":"closed","template":"page-templates\/page_fullwidth.php","meta":{"jetpack_post_was_ever_published":false,"footnotes":""},"jetpack_sharing_enabled":true,"jetpack_shortlink":"https:\/\/wp.me\/P7iCYb-E","_links":{"self":[{"href":"https:\/\/saengerinpearl.de\/index.php?rest_route=\/wp\/v2\/pages\/40"}],"collection":[{"href":"https:\/\/saengerinpearl.de\/index.php?rest_route=\/wp\/v2\/pages"}],"about":[{"href":"https:\/\/saengerinpearl.de\/index.php?rest_route=\/wp\/v2\/types\/page"}],"author":[{"embeddable":true,"href":"https:\/\/saengerinpearl.de\/index.php?rest_route=\/wp\/v2\/users\/1"}],"replies":[{"embeddable":true,"href":"https:\/\/saengerinpearl.de\/index.php?rest_route=%2Fwp%2Fv2%2Fcomments&post=40"}],"version-history":[{"count":4,"href":"https:\/\/saengerinpearl.de\/index.php?rest_route=\/wp\/v2\/pages\/40\/revisions"}],"predecessor-version":[{"id":1263,"href":"https:\/\/saengerinpearl.de\/index.php?rest_route=\/wp\/v2\/pages\/40\/revisions\/1263"}],"wp:attachment":[{"href":"https:\/\/saengerinpearl.de\/index.php?rest_route=%2Fwp%2Fv2%2Fmedia&parent=40"}],"curies":[{"name":"wp","href":"https:\/\/api.w.org\/{rel}","templated":true}]}}